{"id":40,"date":"2025-08-22T14:34:19","date_gmt":"2025-08-22T14:34:19","guid":{"rendered":"https:\/\/xn--nnepesa-00a.ee\/?page_id=40"},"modified":"2025-09-26T13:13:23","modified_gmt":"2025-09-26T13:13:23","slug":"kontakt","status":"publish","type":"page","link":"https:\/\/xn--nnepesa-00a.ee\/?page_id=40","title":{"rendered":"Kontakt"},"content":{"rendered":"\n<p>Anne-Ly Gross<\/p>\n\n\n\n<p>e-post: annely@\u00f5nnepesa.ee<\/p>\n\n\n\n<p>telefon +372 5084321<\/p>\n\n\n\n<p>\u00d5nnepesa O\u00dc<\/p>\n","protected":false},"excerpt":{"rendered":"<p>Anne-Ly Gross e-post: annely@\u00f5nnepesa.ee telefon +372 5084321 \u00d5nnepesa O\u00dc<\/p>\n","protected":false},"author":1,"featured_media":0,"parent":0,"menu_order":0,"comment_status":"closed","ping_status":"closed","template":"","meta":{"footnotes":""},"class_list":["post-40","page","type-page","status-publish","hentry"],"_links":{"self":[{"href":"https:\/\/xn--nnepesa-00a.ee\/index.php?rest_route=\/wp\/v2\/pages\/40","targetHints":{"allow":["GET"]}}],"collection":[{"href":"https:\/\/xn--nnepesa-00a.ee\/index.php?rest_route=\/wp\/v2\/pages"}],"about":[{"href":"https:\/\/xn--nnepesa-00a.ee\/index.php?rest_route=\/wp\/v2\/types\/page"}],"author":[{"embeddable":true,"href":"https:\/\/xn--nnepesa-00a.ee\/index.php?rest_route=\/wp\/v2\/users\/1"}],"replies":[{"embeddable":true,"href":"https:\/\/xn--nnepesa-00a.ee\/index.php?rest_route=%2Fwp%2Fv2%2Fcomments&post=40"}],"version-history":[{"count":3,"href":"https:\/\/xn--nnepesa-00a.ee\/index.php?rest_route=\/wp\/v2\/pages\/40\/revisions"}],"predecessor-version":[{"id":85,"href":"https:\/\/xn--nnepesa-00a.ee\/index.php?rest_route=\/wp\/v2\/pages\/40\/revisions\/85"}],"wp:attachment":[{"href":"https:\/\/xn--nnepesa-00a.ee\/index.php?rest_route=%2Fwp%2Fv2%2Fmedia&parent=40"}],"curies":[{"name":"wp","href":"https:\/\/api.w.org\/{rel}","templated":true}]}}