{"id":36,"date":"2025-08-22T14:33:35","date_gmt":"2025-08-22T14:33:35","guid":{"rendered":"https:\/\/xn--nnepesa-00a.ee\/?page_id=36"},"modified":"2025-09-25T06:28:25","modified_gmt":"2025-09-25T06:28:25","slug":"minust","status":"publish","type":"page","link":"https:\/\/xn--nnepesa-00a.ee\/?page_id=36","title":{"rendered":"Minust"},"content":{"rendered":"\n<p>Olen l\u00f5petanud Tartu \u00dclikoolis logopeedia eriala, olles eelnevalt omandanud samas bakalaureusekraadi eripedagoogikas, lisaerialana ps\u00fchholoogia. Olen l\u00e4binud 2-aastase m\u00e4nguterapeudi v\u00e4lja\u00f5ppe ning oman edasij\u00f5udnu II taset. Olen t\u00e4iendanud oma teadmisi visuaalkunstiteraapia algkursusel, autistliku lapse m\u00f5istmise ja toetamise koolitusel, autistliku ning aktiivsus- ja t\u00e4helepanuh\u00e4irega lapse tugiisiku baaskoolitusel. Oman lapsehoidja 4. taseme kutsetunnistust, lisakompetentsina imiku hoidmine. Oman magistrikraadi \u00e4rijuhtimises.<\/p>\n","protected":false},"excerpt":{"rendered":"<p>Olen l\u00f5petanud Tartu \u00dclikoolis logopeedia eriala, olles eelnevalt omandanud samas bakalaureusekraadi eripedagoogikas, lisaerialana ps\u00fchholoogia. Olen l\u00e4binud 2-aastase m\u00e4nguterapeudi v\u00e4lja\u00f5ppe ning oman edasij\u00f5udnu II taset. Olen t\u00e4iendanud oma teadmisi visuaalkunstiteraapia algkursusel, autistliku lapse m\u00f5istmise ja toetamise koolitusel, autistliku ning aktiivsus- ja t\u00e4helepanuh\u00e4irega lapse tugiisiku baaskoolitusel. Oman lapsehoidja 4. taseme kutsetunnistust, lisakompetentsina imiku hoidmine. Oman magistrikraadi \u00e4rijuhtimises.<\/p>\n","protected":false},"author":1,"featured_media":11,"parent":0,"menu_order":0,"comment_status":"closed","ping_status":"closed","template":"","meta":{"footnotes":""},"class_list":["post-36","page","type-page","status-publish","has-post-thumbnail","hentry"],"_links":{"self":[{"href":"https:\/\/xn--nnepesa-00a.ee\/index.php?rest_route=\/wp\/v2\/pages\/36","targetHints":{"allow":["GET"]}}],"collection":[{"href":"https:\/\/xn--nnepesa-00a.ee\/index.php?rest_route=\/wp\/v2\/pages"}],"about":[{"href":"https:\/\/xn--nnepesa-00a.ee\/index.php?rest_route=\/wp\/v2\/types\/page"}],"author":[{"embeddable":true,"href":"https:\/\/xn--nnepesa-00a.ee\/index.php?rest_route=\/wp\/v2\/users\/1"}],"replies":[{"embeddable":true,"href":"https:\/\/xn--nnepesa-00a.ee\/index.php?rest_route=%2Fwp%2Fv2%2Fcomments&post=36"}],"version-history":[{"count":4,"href":"https:\/\/xn--nnepesa-00a.ee\/index.php?rest_route=\/wp\/v2\/pages\/36\/revisions"}],"predecessor-version":[{"id":63,"href":"https:\/\/xn--nnepesa-00a.ee\/index.php?rest_route=\/wp\/v2\/pages\/36\/revisions\/63"}],"wp:featuredmedia":[{"embeddable":true,"href":"https:\/\/xn--nnepesa-00a.ee\/index.php?rest_route=\/wp\/v2\/media\/11"}],"wp:attachment":[{"href":"https:\/\/xn--nnepesa-00a.ee\/index.php?rest_route=%2Fwp%2Fv2%2Fmedia&parent=36"}],"curies":[{"name":"wp","href":"https:\/\/api.w.org\/{rel}","templated":true}]}}